{"id":3,"date":"2021-05-17T10:31:08","date_gmt":"2021-05-17T08:31:08","guid":{"rendered":"http:\/\/wordpress2187346.home.pl\/?page_id=3"},"modified":"2022-10-28T14:06:38","modified_gmt":"2022-10-28T12:06:38","slug":"polityka-prywatnosci","status":"publish","type":"page","link":"https:\/\/kancelaria-klimowicz.pl\/autoinstalator\/wordpressplugins1\/polityka-prywatnosci\/","title":{"rendered":"Polityka prywatno\u015bci"},"content":{"rendered":"<p>[et_pb_section fb_built=&#8221;1&#8243; _builder_version=&#8221;4.9.4&#8243; background_image=&#8221;https:\/\/kancelaria-klimowicz.pl\/autoinstalator\/wordpressplugins1\/wp-content\/uploads\/2021\/05\/Web-1920-\u2013-7.jpg&#8221; parallax=&#8221;on&#8221; parallax_method=&#8221;off&#8221;][et_pb_row _builder_version=&#8221;4.9.4&#8243; background_size=&#8221;initial&#8221; background_position=&#8221;top_left&#8221; background_repeat=&#8221;repeat&#8221; max_width=&#8221;1480px&#8221; custom_padding=&#8221;0px||0px|||&#8221; min_height=&#8221;2480px&#8221;][et_pb_column type=&#8221;4_4&#8243; _builder_version=&#8221;4.9.4&#8243; custom_padding=&#8221;|||&#8221; custom_padding__hover=&#8221;|||&#8221;][et_pb_text _builder_version=&#8221;4.9.4&#8243; text_font=&#8221;Poppins|300|||||||&#8221; text_text_color=&#8221;#000000&#8243; text_font_size=&#8221;17px&#8221; text_line_height=&#8221;1.8em&#8221; header_2_font=&#8221;Raleway|700|||||||&#8221; header_2_text_color=&#8221;#d70971&#8243; header_2_font_size=&#8221;28px&#8221; header_2_line_height=&#8221;1.3em&#8221; background_size=&#8221;initial&#8221; background_position=&#8221;top_left&#8221; background_repeat=&#8221;repeat&#8221; text_orientation=&#8221;justified&#8221; custom_padding=&#8221;||0px|||&#8221; min_height=&#8221;2806px&#8221; custom_margin=&#8221;||-463px|||&#8221;]<!-- divi:heading --><\/p>\n<h2><b>Nota Prawna<\/b><\/h2>\n<p>W\u0142a\u015bcicielem witryny www.kancelaria-klimowicz.pl jest Kancelaria Adwokacka Adwokat Maria Klimowicz z siedzib\u0105 we Wroc\u0142awiu, ul. Bzowa 38\/1, 53-224 Wroc\u0142aw, o numerze NlP 915173624.<\/p>\n<p>Je\u017celi nie wskazano inaczej, wszelkie materia\u0142y zawarte w witrynie (teksty, obrazy, grafiki, jak i inne elementy tw\u00f3rcze) chronione s\u0105 prawami autorskimi.\u00a0<\/p>\n<p style=\"text-align: justify;\">Materia\u0142y zamieszczone na witrynie internetowej www.kancelaria-klimowicz.pl pe\u0142ni\u0105 jedynie funkcj\u0119 informacyjn\u0105 i nie mog\u0105 by\u0107 traktowane jako porada prawna w \u017cadnej konkretnej sprawie. Kancelaria Adwokacka Adwokat Maria Klimowicz z siedzib\u0105 we Wroc\u0142awiu nie ponosi odpowiedzialno\u015bci za \u017cadne stwierdzenie zawarte w tre\u015bci niniejszej witryny.\u00a0<\/p>\n<p>Kancelaria Adwokacka Adwokat Maria Klimowicz z siedzib\u0105 we Wroc\u0142awiu nie mo\u017ce zagwarantowa\u0107 aktualno\u015bci, dok\u0142adno\u015bci, skuteczno\u015bci czy przydatno\u015bci jakiejkolwiek informacji prawnej zawartej w materia\u0142ach publikowanych\u00a0 w witrynie www.kancelaria-klimowicz.pl.<\/p>\n<p>Poni\u017cej znajdziesz informacje w jaki spos\u00f3b Kancelaria Adwokacka Adwokat Maria Klimowicz przetwarza Twoje dane osobowe.<span> Opisujemy tu zasady, kt\u00f3re stosujemy, aby zapewni\u0107 poszanowanie prywatno\u015bci wszystkich os\u00f3b odwiedzaj\u0105cych nasz\u0105 witryn\u0119. Niniejsze praktyki maj\u0105 na celu ochron\u0119 Twojej prywatno\u015bci. Wierzymy, \u017ce przep\u0142yw informacji oznacza korzy\u015bci dla wszystkich z zastrze\u017ceniem, \u017ce gromadzone informacje s\u0105 wykorzystywane w odpowiedzialny spos\u00f3b.<\/span><\/p>\n<h2><b><\/b><\/h2>\n<h2><b>Polityka Prywatno\u015bci<\/b><b><\/b><\/h2>\n<p><b><\/b><\/p>\n<p><b style=\"font-size: 17px;\">Administrator danych<\/b><\/p>\n<p><span>Administratorem danych osobowych w rozumieniu przepis\u00f3w <\/span>rozporz\u0105dzenia Parlamentu Europejskiego i rady (UE) 2016\/679 z dnia <span>27 <\/span>kwietnia 2016r<span>. <\/span>w sprawie ochrony danych os\u00f3b fizycznych w zwi\u0105zku z przetwarzaniem danych osobowych i w sprawie swobodnego przep\u0142ywu takich danych oraz uchylenia dyrektywy 95\/46\/WE (<span>RODO)<\/span><span> jest<\/span><span> <\/span><span>Kancelaria Adwokacka Adwokat Maria Klimowicz z siedzib\u0105 we Wroc\u0142awiu, ul. Bzowa 38\/1, 53-224 Wroc\u0142aw.<\/span><span><\/span><span><\/span><\/p>\n<p><b style=\"font-size: 17px;\">Cele przetwarzania<\/b><\/p>\n<p>Twoje dane osobowe przetwarzane s\u0105 w zakresie i celu niezb\u0119dnym do nawi\u0105zania lub zachowania relacji<span> <\/span>biznesowych, nawi\u0105zania, ukszta\u0142towania tre\u015bci Umowy, zmiany b\u0105d\u017a jej rozwi\u0105zania oraz prawid\u0142owej realizacji us\u0142ug \u015bwiadczonych drog\u0105 elektroniczn\u0105, w zakresie i celu niezb\u0119dnym do wype\u0142nienia uzasadnionych interes\u00f3w (prawnie usprawiedliwionych cel\u00f3w), a przetwarzanie nie narusza praw i wolno\u015bci osoby, kt\u00f3rej dane dotycz\u0105.<\/p>\n<p><b style=\"font-size: 17px;\">Zasady przetwarzania<\/b><\/p>\n<p>Twoje dane osobowe przetwarzanie s\u0105 wy\u0142\u0105cznie na mocy obowi\u0105zuj\u0105cych regulacji prawnych. Podstaw\u0105 prawn\u0105 przetwarzania danych osobowych mo\u017ce by\u0107:<\/p>\n<ul>\n<li><span><\/span>wyra\u017cona przez Ciebie zgoda na przetwarzanie Twoich danych osobowych w jednym lub wi\u0119kszej liczbie okre\u015blonych cel\u00f3w, np. w celach rekrutacji (art. 6 ust. 1 lit a RODO);<\/li>\n<li><span><\/span>wykonanie umowy, kt\u00f3rej stron\u0105 jest osoba, kt\u00f3rej dane dotycz\u0105, lub podj\u0119cie dzia\u0142a\u0144 na \u017c\u0105danie osoby, kt\u00f3rej dane dotycz\u0105, przed zawarciem umowy (art. 6 ust. 1 lit b RODO);<\/li>\n<li><span><\/span>wype\u0142nienie obowi\u0105zku prawnego ci\u0105\u017c\u0105cego na administratorze (art. 6 ust. 1 lit. c RODO);<\/li>\n<li><span><\/span>przetwarzanie jest niezb\u0119dne do realizacji cel\u00f3w wynikaj\u0105cych z prawnie uzasadnionych interes\u00f3w realizowanych przez administratora, np. <span>udzielenia odpowiedzi na pytania przes\u0142ane za po\u015brednictwem formularza kontaktowego czy w celach statystycznych i analitycznych Administratora, gdzie uzasadnionym interesem Administratora b\u0119dzie mo\u017cliwo\u015b\u0107 dokonywania analiz i statystyk (art. 6 ust. 1 lit f RODO).<\/span><\/li>\n<\/ul>\n<p>Kancelaria Adwokacka Adwokat Maria Klimowicz <span>nie gromadzi i nie opracowuje Twoich danych, pozyskanych za po\u015brednictwem niniejszej witryny w celu ich rozpowszechniania b\u0105d\u017a sprzeda\u017cy czy w celach marketingowych b\u0105d\u017a w ramach program\u00f3w mailingowych prowadzonych na rzecz os\u00f3b trzecich.<\/span><\/p>\n<p><b style=\"font-size: 17px;\">Dane poufne o charakterze osobistym<\/b><\/p>\n<p>Kancelaria Adwokacka Adwokat Maria Klimowicz nie wykorzystuje niniejszej witryny internetowej do celowego gromadzenia informacji o charakterze poufnym, chyba \u017ce taki obowi\u0105zek wynika z obowi\u0105zuj\u0105cych przepis\u00f3w prawa, na przyk\u0142ad do cel\u00f3w rekrutacji. Poufne informacje osobiste dotycz\u0105 min. rasy lub pochodzenia etnicznego, przekona\u0144 religijnych b\u0105d\u017a innych, pogl\u0105d\u00f3w politycznych, przynale\u017cno\u015bci do zwi\u0105zk\u00f3w zawodowych, stanu zdrowia, \u017cycia seksualnego czy karalno\u015bci. Je\u017celi w szczeg\u00f3lnych przypadkach pozyskamy od Ciebie takie dane dost\u0119p do nich b\u0119dzie zabezpieczony zgodnie z naszymi wewn\u0119trznymi, wysokim standardami bezpiecze\u0144stwa informacji. W<span> <\/span>Kancelaria Adwokacka Adwokat Maria Klimowicz wprowadzili\u015bmy procedury maj\u0105ce na celu ochron\u0119 informacji przed ich utrat\u0105, niew\u0142a\u015bciwym wykorzystaniem czy niedozwolonym ujawnieniem.<\/p>\n<p><b style=\"font-size: 17px;\">Cookies<\/b><\/p>\n<p>Witryna internetowa kancelaria-klimowicz.pl i\/lub ka\u017cda z jej sekcji mo\u017ce wykorzystywa\u0107 tzw. pliki cookies. S\u0105 to niewielkie pliki tekstowe wysy\u0142ane przez serwer www i przechowywane przez oprogramowanie komputera przegl\u0105darki. Kiedy przegl\u0105darka ponownie po\u0142\u0105czy si\u0119 ze stron\u0105, witryna rozpozna rodzaj urz\u0105dzenia, z kt\u00f3rego \u0142\u0105czy si\u0119 u\u017cytkownik. Parametry pozwalaj\u0105 na odczytanie informacji w nich zawartych jedynie serwerowi, kt\u00f3ry je utworzy\u0142. Cookies u\u0142atwiaj\u0105 korzystanie z wcze\u015bniej odwiedzonych witryn. Gromadzone informacje dotycz\u0105 adresu IP, typu wykorzystywanej przegl\u0105darki, j\u0119zyka, rodzaju systemu operacyjnego, dostawcy us\u0142ug internetowych, informacji o czasie i dacie, lokalizacji oraz informacji przesy\u0142anych do witryny za po\u015brednictwem formularza kontaktowego. Zebrane dane s\u0142u\u017c\u0105 do monitorowania i sprawdzenia, w jaki spos\u00f3b u\u017cytkownicy korzystaj\u0105 z naszej witryny, aby usprawnia\u0107 funkcjonowanie serwisu zapewniaj\u0105c bardziej efektywn\u0105 i bezproblemow\u0105 nawigacj\u0119. Cookies nie s\u0105 przez nas wykorzystywane do okre\u015blenia to\u017csamo\u015bci \u017cadnej z os\u00f3b odwiedzaj\u0105cych witryn\u0119 kancelaria-klimowicz.pl, lecz pomagaj\u0105 nam \u015bledzi\u0107 og\u00f3lny ruch u\u017cytkownik\u00f3w na witrynie. Je\u017celi nie chcesz otrzymywa\u0107 plik\u00f3w cookies z witryny kancelaria-klimowicz.pl mo\u017cesz w\u0142\u0105czy\u0107 w przegl\u0105darce opcj\u0119 powiadamiania o otrzymywanych plikach cookies i za ka\u017cdym razem decydowa\u0107 o ich ewentualnym blokowaniu.<\/p>\n<p><b style=\"font-size: 17px;\">Twoje uprawnienia<\/b><b><\/b><\/p>\n<p>Zgodnie z obowi\u0105zuj\u0105cymi przepisami RODO posiadasz prawo dost\u0119pu do tre\u015bci swoich danych osobowych, prawo ich sprostowania, usuni\u0119cia, ograniczenia przetwarzania, prawo do przenoszenia danych, prawo wniesienia sprzeciwu, prawo do cofni\u0119cia zgody na ich przetwarzanie w dowolnym momencie. Posiadasz r\u00f3wnie\u017c prawo wniesienia skargi do organu nadzorczego, je\u017celi uznasz, \u017ce przetwarzanie danych osobowych narusza obowi\u0105zuj\u0105ce regulacje<span> <\/span>prawne.<\/p>\n<p><b style=\"font-size: 17px;\">Kontakt w sprawach zwi\u0105zanych z przetwarzaniem danych<\/b><\/p>\n<p>W sprawach zwi\u0105zanych z ochron\u0105 danych osobowych mo\u017cesz si\u0119 z nami skontaktowa\u0107 pod adresem: <span style=\"color: #000000;\"><a href=\"mailto:kontakt@kancelaria-klimowicz.pl\" style=\"color: #000000;\">kontakt@kancelaria-klimowicz.pl<\/a><\/span><\/p>\n<p><b style=\"font-size: 17px;\">Zmiany niniejszej polityki<\/b><\/p>\n<p>Stosownie do potrzeb Kancelaria Adwokacka Adwokat Maria Klimowicz zastrzega sobie prawo do modyfikowania tre\u015bci niniejszej polityki prywatno\u015bci.<\/p>\n<h2><\/h2>\n<p>&nbsp;<\/p>\n<p>&nbsp;<\/p>\n<p>&nbsp;<\/p>\n<p>&nbsp;<\/p>\n<p>&nbsp;<\/p>\n<p><!-- \/divi:heading --><\/p>\n<p>&nbsp;<\/p>\n<p>&nbsp;<\/p>\n<p>&nbsp;<\/p>\n<p>&nbsp;<\/p>\n<p>&nbsp;<\/p>\n<p>&nbsp;<\/p>\n<p><!-- divi:paragraph --><\/p>\n<p>&nbsp;<\/p>\n<p>&nbsp;<\/p>\n<p>&nbsp;<\/p>\n<p><!-- \/divi:paragraph -->[\/et_pb_text][\/et_pb_column][\/et_pb_row][\/et_pb_section]<\/p>\n","protected":false},"excerpt":{"rendered":"<p>[et_pb_section fb_built=&#8221;1&#8243; _builder_version=&#8221;4.9.4&#8243; background_image=&#8221;https:\/\/kancelaria-klimowicz.pl\/autoinstalator\/wordpressplugins1\/wp-content\/uploads\/2021\/05\/Web-1920-\u2013-7.jpg&#8221; parallax=&#8221;on&#8221; parallax_method=&#8221;off&#8221;][et_pb_row _builder_version=&#8221;4.9.4&#8243; background_size=&#8221;initial&#8221; background_position=&#8221;top_left&#8221; background_repeat=&#8221;repeat&#8221; max_width=&#8221;1480px&#8221; custom_padding=&#8221;0px||0px|||&#8221; min_height=&#8221;2480px&#8221;][et_pb_column type=&#8221;4_4&#8243; _builder_version=&#8221;4.9.4&#8243; custom_padding=&#8221;|||&#8221; custom_padding__hover=&#8221;|||&#8221;][et_pb_text _builder_version=&#8221;4.9.4&#8243; text_font=&#8221;Poppins|300|||||||&#8221; text_text_color=&#8221;#000000&#8243; text_font_size=&#8221;17px&#8221; text_line_height=&#8221;1.8em&#8221; header_2_font=&#8221;Raleway|700|||||||&#8221; header_2_text_color=&#8221;#d70971&#8243; header_2_font_size=&#8221;28px&#8221; header_2_line_height=&#8221;1.3em&#8221; background_size=&#8221;initial&#8221; background_position=&#8221;top_left&#8221; background_repeat=&#8221;repeat&#8221; text_orientation=&#8221;justified&#8221; custom_padding=&#8221;||0px|||&#8221; min_height=&#8221;2806px&#8221; custom_margin=&#8221;||-463px|||&#8221;] Nota Prawna W\u0142a\u015bcicielem witryny www.kancelaria-klimowicz.pl jest Kancelaria Adwokacka Adwokat Maria Klimowicz z siedzib\u0105 we Wroc\u0142awiu, ul. Bzowa 38\/1, 53-224 Wroc\u0142aw, o numerze [&hellip;]<\/p>\n","protected":false},"author":1,"featured_media":0,"parent":0,"menu_order":0,"comment_status":"closed","ping_status":"open","template":"","meta":{"_et_pb_use_builder":"on","_et_pb_old_content":"<!-- wp:heading -->\n<h2>Kim jeste\u015bmy<\/h2>\n<!-- \/wp:heading -->\n\n<!-- wp:paragraph -->\n<p><strong class=\"privacy-policy-tutorial\">Sugerowany tekst: <\/strong>Adres naszej strony internetowej to: http:\/\/kancelaria-klimowicz.pl.<\/p>\n<!-- \/wp:paragraph -->\n\n<!-- wp:heading -->\n<h2>Komentarze<\/h2>\n<!-- \/wp:heading -->\n\n<!-- wp:paragraph -->\n<p><strong class=\"privacy-policy-tutorial\">Sugerowany tekst: <\/strong>Kiedy odwiedzaj\u0105cy witryn\u0119 zostawia komentarz, zbieramy dane widoczne w formularzu komentowania, jak i adres IP odwiedzaj\u0105cego oraz podpis jego przegl\u0105darki jako pomoc przy wykrywaniu spamu.<\/p>\n<!-- \/wp:paragraph -->\n\n<!-- wp:paragraph -->\n<p>Zanonimizowany ci\u0105g znak\u00f3w stworzony na podstawie twojego adresu e-mail (tak zwany hash) mo\u017ce zosta\u0107 przes\u0142any do us\u0142ugi Gravatar w celu sprawdzenia czy jej u\u017cywasz. Polityka prywatno\u015bci us\u0142ugi Gravatar jest dost\u0119pna tutaj: https:\/\/automattic.com\/privacy\/. Po zatwierdzeniu komentarza tw\u00f3j obrazek profilowy jest widoczny publicznie w kontek\u015bcie twojego komentarza.<\/p>\n<!-- \/wp:paragraph -->\n\n<!-- wp:heading -->\n<h2>Media<\/h2>\n<!-- \/wp:heading -->\n\n<!-- wp:paragraph -->\n<p><strong class=\"privacy-policy-tutorial\">Sugerowany tekst: <\/strong>Je\u015bli jeste\u015b zarejestrowanym u\u017cytkownikiem i wgrywasz na witryn\u0119 obrazki, powiniene\u015b unika\u0107 przesy\u0142ania obrazk\u00f3w z tagami EXIF lokalizacji. Odwiedzaj\u0105cy stron\u0119 mog\u0105 pobra\u0107 i odczyta\u0107 pe\u0142ne dane lokalizacyjne z obrazk\u00f3w w witrynie.<\/p>\n<!-- \/wp:paragraph -->\n\n<!-- wp:heading -->\n<h2>Ciasteczka<\/h2>\n<!-- \/wp:heading -->\n\n<!-- wp:paragraph -->\n<p><strong class=\"privacy-policy-tutorial\">Sugerowany tekst: <\/strong>Je\u015bli zostawisz na naszej witrynie komentarz, b\u0119dzie mo\u017cna wybra\u0107 opcj\u0119 zapisu twojej nazwy, adresu e-mail i adresu strony internetowej w ciasteczkach, dzi\u0119ki kt\u00f3rym podczas pisania kolejnych komentarzy powy\u017csze informacje b\u0119d\u0105 ju\u017c dogodnie uzupe\u0142nione. Ciasteczka wygasaj\u0105 po roku.<\/p>\n<!-- \/wp:paragraph -->\n\n<!-- wp:paragraph -->\n<p>Je\u015bli odwiedzisz stron\u0119 logowania, utworzymy tymczasowe ciasteczko na potrzeby sprawdzenia czy twoja przegl\u0105darka akceptuje ciasteczka. Nie zawiera ono \u017cadnych danych osobistych i zostanie usuni\u0119te, kiedy przegl\u0105darka zostanie zamkni\u0119ta.<\/p>\n<!-- \/wp:paragraph -->\n\n<!-- wp:paragraph -->\n<p>Podczas logowania tworzymy dodatkowo kilka ciasteczek potrzebnych do zapisu twoich informacji logowania oraz wybranych opcji ekranu. Ciasteczka logowania wygasaj\u0105 po dw\u00f3ch dniach, a opcji ekranu po roku. Je\u015bli zaznaczysz opcj\u0119 \u201ePami\u0119taj mnie\u201d, logowanie wyga\u015bnie po dw\u00f3ch tygodniach. Je\u015bli wylogujesz si\u0119 ze swojego konta, ciasteczka logowania zostan\u0105 usuni\u0119te.<\/p>\n<!-- \/wp:paragraph -->\n\n<!-- wp:paragraph -->\n<p>Je\u015bli zmodyfikujesz albo opublikujesz artyku\u0142, w twojej przegl\u0105darce zostanie zapisane dodatkowe ciasteczko. To ciasteczko nie zawiera \u017cadnych danych osobistych, wskazuj\u0105c po prostu na identyfikator przed chwil\u0105 edytowanego artyku\u0142u. Wygasa ono po 1 dniu.<\/p>\n<!-- \/wp:paragraph -->\n\n<!-- wp:heading -->\n<h2>Osadzone tre\u015bci z innych witryn<\/h2>\n<!-- \/wp:heading -->\n\n<!-- wp:paragraph -->\n<p><strong class=\"privacy-policy-tutorial\">Sugerowany tekst: <\/strong>Artyku\u0142y na tej witrynie mog\u0105 zawiera\u0107 osadzone tre\u015bci (np. filmy, obrazki, artyku\u0142y itp.). Osadzone tre\u015bci z innych witryn zachowuj\u0105 si\u0119 analogicznie do tego, jakby u\u017cytkownik odwiedzi\u0142 bezpo\u015brednio konkretn\u0105 witryn\u0119.<\/p>\n<!-- \/wp:paragraph -->\n\n<!-- wp:paragraph -->\n<p>Witryny mog\u0105 zbiera\u0107 informacje o tobie, u\u017cywa\u0107 ciasteczek, do\u0142\u0105cza\u0107 dodatkowe, zewn\u0119trzne systemy \u015bledzenia i monitorowa\u0107 twoje interakcje z osadzonym materia\u0142em, w\u0142\u0105czaj\u0105c w to \u015bledzenie twoich interakcji z osadzonym materia\u0142em je\u015bli posiadasz konto i jeste\u015b zalogowany w tamtej witrynie.<\/p>\n<!-- \/wp:paragraph -->\n\n<!-- wp:heading -->\n<h2>Z kim dzielimy si\u0119 danymi<\/h2>\n<!-- \/wp:heading -->\n\n<!-- wp:paragraph -->\n<p><strong class=\"privacy-policy-tutorial\">Sugerowany tekst: <\/strong>Je\u015bli za\u017c\u0105dasz zresetowania has\u0142a, tw\u00f3j adres IP zostanie do\u0142\u0105czony do wysy\u0142anej wiadomo\u015bci.<\/p>\n<!-- \/wp:paragraph -->\n\n<!-- wp:heading -->\n<h2>Jak d\u0142ugo przechowujemy twoje dane<\/h2>\n<!-- \/wp:heading -->\n\n<!-- wp:paragraph -->\n<p><strong class=\"privacy-policy-tutorial\">Sugerowany tekst: <\/strong>Je\u015bli zostawisz komentarz, jego tre\u015b\u0107 i metadane b\u0119d\u0105 przechowywane przez czas nieokre\u015blony. Dzi\u0119ki temu jeste\u015bmy w stanie rozpoznawa\u0107 i zatwierdza\u0107 kolejne komentarze automatycznie, bez wysy\u0142ania ich do ka\u017cdorazowej moderacji.<\/p>\n<!-- \/wp:paragraph -->\n\n<!-- wp:paragraph -->\n<p>Dla u\u017cytkownik\u00f3w kt\u00f3rzy zarejestrowali si\u0119 na naszej stronie internetowej (je\u015bli tacy s\u0105), przechowujemy r\u00f3wnie\u017c informacje osobiste wprowadzone w profilu. Ka\u017cdy u\u017cytkownik mo\u017ce dokona\u0107 wgl\u0105du, korekty albo skasowa\u0107 swoje informacje osobiste w dowolnej chwili (nie licz\u0105c nazwy u\u017cytkownika, kt\u00f3rej nie mo\u017cna zmieni\u0107). Administratorzy strony r\u00f3wnie\u017c mog\u0105 przegl\u0105da\u0107 i modyfikowa\u0107 te informacje.<\/p>\n<!-- \/wp:paragraph -->\n\n<!-- wp:heading -->\n<h2>Jakie masz prawa do swoich danych<\/h2>\n<!-- \/wp:heading -->\n\n<!-- wp:paragraph -->\n<p><strong class=\"privacy-policy-tutorial\">Sugerowany tekst: <\/strong>Je\u015bli masz konto u\u017cytkownika albo doda\u0142e\u015b komentarze w tej witrynie, mo\u017cesz za\u017c\u0105da\u0107 dostarczenia pliku z wyeksportowanym kompletem twoich danych osobistych b\u0119d\u0105cych w naszym posiadaniu, w tym ca\u0142o\u015b\u0107 tych dostarczonych przez ciebie. Mo\u017cesz r\u00f3wnie\u017c za\u017c\u0105da\u0107 usuni\u0119cia przez nas ca\u0142o\u015bci twoich danych osobistych w naszym posiadaniu. Nie dotyczy to \u017cadnych danych kt\u00f3re jeste\u015bmy zobligowani zachowa\u0107 ze wzgl\u0119d\u00f3w administracyjnych, prawnych albo bezpiecze\u0144stwa.<\/p>\n<!-- \/wp:paragraph -->\n\n<!-- wp:heading -->\n<h2>Gdzie przesy\u0142amy dane<\/h2>\n<!-- \/wp:heading -->\n\n<!-- wp:paragraph -->\n<p><strong class=\"privacy-policy-tutorial\">Sugerowany tekst: <\/strong>Komentarze go\u015bci mog\u0105 by\u0107 sprawdzane za pomoc\u0105 automatycznej us\u0142ugi wykrywania spamu.<\/p>\n<!-- \/wp:paragraph -->","_et_gb_content_width":""},"_links":{"self":[{"href":"https:\/\/kancelaria-klimowicz.pl\/autoinstalator\/wordpressplugins1\/wp-json\/wp\/v2\/pages\/3"}],"collection":[{"href":"https:\/\/kancelaria-klimowicz.pl\/autoinstalator\/wordpressplugins1\/wp-json\/wp\/v2\/pages"}],"about":[{"href":"https:\/\/kancelaria-klimowicz.pl\/autoinstalator\/wordpressplugins1\/wp-json\/wp\/v2\/types\/page"}],"author":[{"embeddable":true,"href":"https:\/\/kancelaria-klimowicz.pl\/autoinstalator\/wordpressplugins1\/wp-json\/wp\/v2\/users\/1"}],"replies":[{"embeddable":true,"href":"https:\/\/kancelaria-klimowicz.pl\/autoinstalator\/wordpressplugins1\/wp-json\/wp\/v2\/comments?post=3"}],"version-history":[{"count":5,"href":"https:\/\/kancelaria-klimowicz.pl\/autoinstalator\/wordpressplugins1\/wp-json\/wp\/v2\/pages\/3\/revisions"}],"predecessor-version":[{"id":616,"href":"https:\/\/kancelaria-klimowicz.pl\/autoinstalator\/wordpressplugins1\/wp-json\/wp\/v2\/pages\/3\/revisions\/616"}],"wp:attachment":[{"href":"https:\/\/kancelaria-klimowicz.pl\/autoinstalator\/wordpressplugins1\/wp-json\/wp\/v2\/media?parent=3"}],"curies":[{"name":"wp","href":"https:\/\/api.w.org\/{rel}","templated":true}]}}